{"id":10,"date":"2013-12-21T20:33:58","date_gmt":"2013-12-21T19:33:58","guid":{"rendered":"http:\/\/www.mairieberat.fr\/?page_id=10"},"modified":"2025-02-14T14:46:28","modified_gmt":"2025-02-14T13:46:28","slug":"portail-famille","status":"publish","type":"page","link":"https:\/\/www.mairieberat.fr\/?page_id=10","title":{"rendered":"Portail famille"},"content":{"rendered":"<p><!--more--><\/p>\n<h2 style=\"text-align: center;\">Portail Espace Enfance Jeunesse<\/h2>\n<h2 style=\"text-align: center;\">\u00a0Pour acc\u00e9der \u00e0 ce service s\u00e9curis\u00e9:<\/h2>\n<h2 style=\"text-align: center;\"><a href=\"https:\/\/portail.berger-levrault.fr\/6149\/accueil\" target=\"_blank\" rel=\"noopener\">cliquez ici&#8230;<\/a><\/h2>\n<p><a href=\"https:\/\/portail.berger-levrault.fr\/6149\/accueil\"><img loading=\"lazy\" decoding=\"async\" class=\"aligncenter wp-image-4619 size-medium\" src=\"http:\/\/www.mairieberat.fr\/wp-content\/uploads\/2019-Espace-enfance-jeunesse-300x116.jpg\" alt=\"\" width=\"300\" height=\"116\" srcset=\"https:\/\/www.mairieberat.fr\/wp-content\/uploads\/2019-Espace-enfance-jeunesse-300x116.jpg 300w, https:\/\/www.mairieberat.fr\/wp-content\/uploads\/2019-Espace-enfance-jeunesse-768x297.jpg 768w, https:\/\/www.mairieberat.fr\/wp-content\/uploads\/2019-Espace-enfance-jeunesse-1024x397.jpg 1024w, https:\/\/www.mairieberat.fr\/wp-content\/uploads\/2019-Espace-enfance-jeunesse-600x232.jpg 600w, https:\/\/www.mairieberat.fr\/wp-content\/uploads\/2019-Espace-enfance-jeunesse-150x58.jpg 150w, https:\/\/www.mairieberat.fr\/wp-content\/uploads\/2019-Espace-enfance-jeunesse-400x155.jpg 400w, https:\/\/www.mairieberat.fr\/wp-content\/uploads\/2019-Espace-enfance-jeunesse.jpg 1911w\" sizes=\"(max-width: 300px) 100vw, 300px\" \/><\/a><\/p>\n\n\n<hr class=\"wp-block-separator has-alpha-channel-opacity\"\/>\n\n\n\n<h2 class=\"wp-block-heading has-text-align-center\">Accueil individuel &amp; Relais petite enfance<\/h2>\n\n\n\n<p>Cette comp\u00e9tence est exerc\u00e9e par la Communaut\u00e9 de Communes C\u0153ur de Garonne.<\/p>\n\n\n\n<p>Pour plus d\u2019informations, rendez-vous sur son site internet<a href=\"https:\/\/www.cc-coeurdegaronne.fr\/petite-enfance\/\" target=\"_blank\" rel=\"noreferrer noopener\"> en cliquant ici<\/a>.<\/p>\n\n\n\n<hr class=\"wp-block-separator has-alpha-channel-opacity\"\/>\n\n\n<div class=\"wp-block-image\">\n<figure class=\"aligncenter size-full\"><a href=\"https:\/\/www.mairieberat.fr\/?p=6737\"><img loading=\"lazy\" decoding=\"async\" width=\"397\" height=\"325\" src=\"http:\/\/www.mairieberat.fr\/wp-content\/uploads\/menu-2.png\" alt=\"\" class=\"wp-image-5919\" srcset=\"https:\/\/www.mairieberat.fr\/wp-content\/uploads\/menu-2.png 397w, https:\/\/www.mairieberat.fr\/wp-content\/uploads\/menu-2-300x246.png 300w, https:\/\/www.mairieberat.fr\/wp-content\/uploads\/menu-2-150x123.png 150w\" sizes=\"(max-width: 397px) 100vw, 397px\" \/><\/a><\/figure><\/div>","protected":false},"excerpt":{"rendered":"<\/p>\n","protected":false},"author":1,"featured_media":0,"parent":0,"menu_order":0,"comment_status":"open","ping_status":"open","template":"","meta":{"footnotes":""},"_links":{"self":[{"href":"https:\/\/www.mairieberat.fr\/index.php?rest_route=\/wp\/v2\/pages\/10"}],"collection":[{"href":"https:\/\/www.mairieberat.fr\/index.php?rest_route=\/wp\/v2\/pages"}],"about":[{"href":"https:\/\/www.mairieberat.fr\/index.php?rest_route=\/wp\/v2\/types\/page"}],"author":[{"embeddable":true,"href":"https:\/\/www.mairieberat.fr\/index.php?rest_route=\/wp\/v2\/users\/1"}],"replies":[{"embeddable":true,"href":"https:\/\/www.mairieberat.fr\/index.php?rest_route=%2Fwp%2Fv2%2Fcomments&post=10"}],"version-history":[{"count":92,"href":"https:\/\/www.mairieberat.fr\/index.php?rest_route=\/wp\/v2\/pages\/10\/revisions"}],"predecessor-version":[{"id":8742,"href":"https:\/\/www.mairieberat.fr\/index.php?rest_route=\/wp\/v2\/pages\/10\/revisions\/8742"}],"wp:attachment":[{"href":"https:\/\/www.mairieberat.fr\/index.php?rest_route=%2Fwp%2Fv2%2Fmedia&parent=10"}],"curies":[{"name":"wp","href":"https:\/\/api.w.org\/{rel}","templated":true}]}}